{"id":2054,"date":"2022-12-05T10:42:06","date_gmt":"2022-12-05T09:42:06","guid":{"rendered":"https:\/\/budaroses.com\/nosotras\/"},"modified":"2026-04-23T12:37:25","modified_gmt":"2026-04-23T11:37:25","slug":"nosotras","status":"publish","type":"page","link":"https:\/\/budaroses.com\/en\/nosotras\/","title":{"rendered":"Nosotras Old"},"content":{"rendered":"\t\t<div data-elementor-type=\"wp-page\" data-elementor-id=\"2054\" class=\"elementor elementor-2054 elementor-177\" data-elementor-post-type=\"page\">\n\t\t\t\t\t\t<section class=\"elementor-section elementor-top-section elementor-element elementor-element-b95fec8 elementor-section-boxed elementor-section-height-default elementor-section-height-default\" data-id=\"b95fec8\" data-element_type=\"section\" data-e-type=\"section\">\n\t\t\t\t\t\t<div class=\"elementor-container elementor-column-gap-no\">\n\t\t\t\t\t<div class=\"elementor-column elementor-col-100 elementor-top-column elementor-element elementor-element-08fb867\" data-id=\"08fb867\" data-element_type=\"column\" data-e-type=\"column\">\n\t\t\t<div class=\"elementor-widget-wrap elementor-element-populated\">\n\t\t\t\t\t\t<div class=\"elementor-element elementor-element-23e0e51 elementor-widget elementor-widget-heading\" data-id=\"23e0e51\" data-element_type=\"widget\" data-e-type=\"widget\" data-widget_type=\"heading.default\">\n\t\t\t\t<div class=\"elementor-widget-container\">\n\t\t\t\t\t<h2 class=\"elementor-heading-title elementor-size-default\">NOSOTRAS<\/h2>\t\t\t\t<\/div>\n\t\t\t\t<\/div>\n\t\t\t\t<section class=\"elementor-section elementor-inner-section elementor-element elementor-element-314c0d0 elementor-section-full_width elementor-section-height-default elementor-section-height-default\" data-id=\"314c0d0\" data-element_type=\"section\" data-e-type=\"section\">\n\t\t\t\t\t\t<div class=\"elementor-container elementor-column-gap-no\">\n\t\t\t\t\t<div class=\"elementor-column elementor-col-100 elementor-inner-column elementor-element elementor-element-b3be953\" data-id=\"b3be953\" data-element_type=\"column\" data-e-type=\"column\" data-settings=\"{&quot;background_background&quot;:&quot;classic&quot;}\">\n\t\t\t<div class=\"elementor-widget-wrap elementor-element-populated\">\n\t\t\t\t\t\t<section class=\"elementor-section elementor-inner-section elementor-element elementor-element-67dbc32 elementor-section-boxed elementor-section-height-default elementor-section-height-default\" data-id=\"67dbc32\" data-element_type=\"section\" data-e-type=\"section\">\n\t\t\t\t\t\t<div class=\"elementor-container elementor-column-gap-no\">\n\t\t\t\t\t<div class=\"elementor-column elementor-col-50 elementor-inner-column elementor-element elementor-element-6fc7938\" data-id=\"6fc7938\" data-element_type=\"column\" data-e-type=\"column\" data-settings=\"{&quot;background_background&quot;:&quot;classic&quot;}\">\n\t\t\t<div class=\"elementor-widget-wrap elementor-element-populated\">\n\t\t\t\t\t\t<div class=\"elementor-element elementor-element-f2b7fc2 elementor-widget elementor-widget-spacer\" data-id=\"f2b7fc2\" data-element_type=\"widget\" data-e-type=\"widget\" data-widget_type=\"spacer.default\">\n\t\t\t\t<div class=\"elementor-widget-container\">\n\t\t\t\t\t\t\t<div class=\"elementor-spacer\">\n\t\t\t<div class=\"elementor-spacer-inner\"><\/div>\n\t\t<\/div>\n\t\t\t\t\t\t<\/div>\n\t\t\t\t<\/div>\n\t\t\t\t\t<\/div>\n\t\t<\/div>\n\t\t\t\t<div class=\"elementor-column elementor-col-50 elementor-inner-column elementor-element elementor-element-fe82352\" data-id=\"fe82352\" data-element_type=\"column\" data-e-type=\"column\">\n\t\t\t<div class=\"elementor-widget-wrap elementor-element-populated\">\n\t\t\t\t\t\t<section class=\"elementor-section elementor-inner-section elementor-element elementor-element-18e03dc elementor-section-boxed elementor-section-height-default elementor-section-height-default\" data-id=\"18e03dc\" data-element_type=\"section\" data-e-type=\"section\" data-settings=\"{&quot;background_background&quot;:&quot;classic&quot;}\">\n\t\t\t\t\t\t<div class=\"elementor-container elementor-column-gap-no\">\n\t\t\t\t\t<div class=\"elementor-column elementor-col-100 elementor-inner-column elementor-element elementor-element-94b8ece\" data-id=\"94b8ece\" data-element_type=\"column\" data-e-type=\"column\">\n\t\t\t<div class=\"elementor-widget-wrap elementor-element-populated\">\n\t\t\t\t\t\t<div class=\"elementor-element elementor-element-281c88d elementor-widget elementor-widget-text-editor\" data-id=\"281c88d\" data-element_type=\"widget\" data-e-type=\"widget\" data-widget_type=\"text-editor.default\">\n\t\t\t\t<div class=\"elementor-widget-container\">\n\t\t\t\t\t\t\t\t\t<p>Podr\u00edamos hacer muchas cosas en la vida. Podr\u00edamos ser catadoras de muffins, cantantes de rancheras o contadoras de cartas; pero ambas sabemos que lo que realmente <strong>nos hace latir fuerte el coraz\u00f3n es el casting.<\/strong><\/p><p>Dicen las mentes sabias de la industria que lo m\u00e1s importante es el guion y el casting. Estamos de acuerdo. Por eso lo afrontamos con la responsabilidad y la pasi\u00f3n que merece.\u00a0 No sabemos hacerlo de otra manera. En los \u00faltimos a\u00f1os, hemos tenido la suerte de <strong>dar vida a innumerable cantidad de personajes<\/strong> y lo vamos a seguir haciendo porque nos hace felices y porque lo hacemos fet\u00e9n.<\/p><p>Buceamos, rastreamos y filtramos para encontrar el mejor reparto posible. <strong>Desde Madrid hasta Pek\u00edn,<\/strong> desde la primera lectura de guion hasta la fiesta de fin de rodaje (invitadnos, por favor); nos adaptamos a las necesidades del proyecto y <strong>cuidamos cada detalle del proceso.<\/strong><\/p>\t\t\t\t\t\t\t\t<\/div>\n\t\t\t\t<\/div>\n\t\t\t\t\t<\/div>\n\t\t<\/div>\n\t\t\t\t\t<\/div>\n\t\t<\/section>\n\t\t\t\t\t<\/div>\n\t\t<\/div>\n\t\t\t\t\t<\/div>\n\t\t<\/section>\n\t\t\t\t<section class=\"elementor-section elementor-inner-section elementor-element elementor-element-f5b4db0 elementor-reverse-mobile elementor-section-boxed elementor-section-height-default elementor-section-height-default\" data-id=\"f5b4db0\" data-element_type=\"section\" data-e-type=\"section\">\n\t\t\t\t\t\t<div class=\"elementor-container elementor-column-gap-no\">\n\t\t\t\t\t<div class=\"elementor-column elementor-col-50 elementor-inner-column elementor-element elementor-element-803fafe\" data-id=\"803fafe\" data-element_type=\"column\" data-e-type=\"column\">\n\t\t\t<div class=\"elementor-widget-wrap elementor-element-populated\">\n\t\t\t\t\t\t<div class=\"elementor-element elementor-element-743e05e elementor-widget elementor-widget-text-editor\" data-id=\"743e05e\" data-element_type=\"widget\" data-e-type=\"widget\" data-widget_type=\"text-editor.default\">\n\t\t\t\t<div class=\"elementor-widget-container\">\n\t\t\t\t\t\t\t\t\t<p><strong>JIMENA BURGUE\u00d1O BUDA<\/strong> Dio sus primeros pasos como <strong>Directora de casting<\/strong> en Tesauro, a la vez que se graduaba en <strong>Periodismo, Comunicaci\u00f3n Audiovisual y Direcci\u00f3n esc\u00e9nica.<\/strong><\/p><p>Ha trabajado para las productoras publicitarias m\u00e1s importantes del mundo y para el <strong>Centro Dram\u00e1tico Nacional.<\/strong><\/p><p>Es biling\u00fce en ingl\u00e9s y est\u00e1 especializada en <strong>Direcci\u00f3n de actores y Street Casting<\/strong>. Le gustan las gafas de aviador, comer pizza a cualquier hora y bailar hasta que el cuerpo aguante.<\/p>\t\t\t\t\t\t\t\t<\/div>\n\t\t\t\t<\/div>\n\t\t\t\t\t<\/div>\n\t\t<\/div>\n\t\t\t\t<div class=\"elementor-column elementor-col-50 elementor-inner-column elementor-element elementor-element-dbe7d73\" data-id=\"dbe7d73\" data-element_type=\"column\" data-e-type=\"column\" data-settings=\"{&quot;background_background&quot;:&quot;classic&quot;}\">\n\t\t\t<div class=\"elementor-widget-wrap elementor-element-populated\">\n\t\t\t\t\t\t<div class=\"elementor-element elementor-element-aedb110 elementor-widget elementor-widget-image\" data-id=\"aedb110\" data-element_type=\"widget\" data-e-type=\"widget\" data-widget_type=\"image.default\">\n\t\t\t\t<div class=\"elementor-widget-container\">\n\t\t\t\t\t\t\t\t\t\t\t\t\t\t\t<img fetchpriority=\"high\" decoding=\"async\" width=\"485\" height=\"445\" src=\"https:\/\/budaroses.com\/wp-content\/uploads\/2023\/01\/Jimena-1.jpg\" class=\"attachment-large size-large wp-image-1833\" alt=\"\" srcset=\"https:\/\/budaroses.com\/wp-content\/uploads\/2023\/01\/Jimena-1.jpg 485w, https:\/\/budaroses.com\/wp-content\/uploads\/2023\/01\/Jimena-1-300x275.jpg 300w\" sizes=\"(max-width: 485px) 100vw, 485px\" \/>\t\t\t\t\t\t\t\t\t\t\t\t\t\t\t<\/div>\n\t\t\t\t<\/div>\n\t\t\t\t\t<\/div>\n\t\t<\/div>\n\t\t\t\t\t<\/div>\n\t\t<\/section>\n\t\t\t\t<section class=\"elementor-section elementor-inner-section elementor-element elementor-element-eddd913 elementor-section-boxed elementor-section-height-default elementor-section-height-default\" data-id=\"eddd913\" data-element_type=\"section\" data-e-type=\"section\">\n\t\t\t\t\t\t<div class=\"elementor-container elementor-column-gap-no\">\n\t\t\t\t\t<div class=\"elementor-column elementor-col-50 elementor-inner-column elementor-element elementor-element-929d74a\" data-id=\"929d74a\" data-element_type=\"column\" data-e-type=\"column\" data-settings=\"{&quot;background_background&quot;:&quot;classic&quot;}\">\n\t\t\t<div class=\"elementor-widget-wrap elementor-element-populated\">\n\t\t\t\t\t\t<div class=\"elementor-element elementor-element-4c820b6 elementor-widget elementor-widget-image\" data-id=\"4c820b6\" data-element_type=\"widget\" data-e-type=\"widget\" data-widget_type=\"image.default\">\n\t\t\t\t<div class=\"elementor-widget-container\">\n\t\t\t\t\t\t\t\t\t\t\t\t\t\t\t<img decoding=\"async\" width=\"485\" height=\"445\" src=\"https:\/\/budaroses.com\/wp-content\/uploads\/2023\/01\/Maria-1.jpg\" class=\"attachment-large size-large wp-image-1834\" alt=\"\" srcset=\"https:\/\/budaroses.com\/wp-content\/uploads\/2023\/01\/Maria-1.jpg 485w, https:\/\/budaroses.com\/wp-content\/uploads\/2023\/01\/Maria-1-300x275.jpg 300w\" sizes=\"(max-width: 485px) 100vw, 485px\" \/>\t\t\t\t\t\t\t\t\t\t\t\t\t\t\t<\/div>\n\t\t\t\t<\/div>\n\t\t\t\t\t<\/div>\n\t\t<\/div>\n\t\t\t\t<div class=\"elementor-column elementor-col-50 elementor-inner-column elementor-element elementor-element-3166e68\" data-id=\"3166e68\" data-element_type=\"column\" data-e-type=\"column\">\n\t\t\t<div class=\"elementor-widget-wrap elementor-element-populated\">\n\t\t\t\t\t\t<div class=\"elementor-element elementor-element-6b6075e elementor-widget elementor-widget-text-editor\" data-id=\"6b6075e\" data-element_type=\"widget\" data-e-type=\"widget\" data-widget_type=\"text-editor.default\">\n\t\t\t\t<div class=\"elementor-widget-container\">\n\t\t\t\t\t\t\t\t\t<p><strong>MAR\u00cdA DE LA TORRE ROSES<\/strong> Empez\u00f3 Historia del arte con ilusi\u00f3n pero colaps\u00f3 con tanto temario y est\u00e1 esperando a que saquen la pel\u00edcula. Despu\u00e9s <strong>se form\u00f3 como guionista<\/strong> y eso le permiti\u00f3 darse cuenta de que le atra\u00edan tanto los personajes que quer\u00eda ponerles cara, cuerpo y voz.<\/p><p>Se autoproclama reina del Excel, le gusta beber caf\u00e9 por litros y aplaudir despu\u00e9s de comer.<\/p>\t\t\t\t\t\t\t\t<\/div>\n\t\t\t\t<\/div>\n\t\t\t\t\t<\/div>\n\t\t<\/div>\n\t\t\t\t\t<\/div>\n\t\t<\/section>\n\t\t\t\t<section class=\"elementor-section elementor-inner-section elementor-element elementor-element-bb893a1 elementor-section-boxed elementor-section-height-default elementor-section-height-default\" data-id=\"bb893a1\" data-element_type=\"section\" data-e-type=\"section\">\n\t\t\t\t\t\t<div class=\"elementor-container elementor-column-gap-no\">\n\t\t\t\t\t<div class=\"elementor-column elementor-col-100 elementor-inner-column elementor-element elementor-element-25152ec\" data-id=\"25152ec\" data-element_type=\"column\" data-e-type=\"column\">\n\t\t\t<div class=\"elementor-widget-wrap elementor-element-populated\">\n\t\t\t\t\t\t<div class=\"elementor-element elementor-element-2ef4f36 elementor-widget elementor-widget-text-editor\" data-id=\"2ef4f36\" data-element_type=\"widget\" data-e-type=\"widget\" data-widget_type=\"text-editor.default\">\n\t\t\t\t<div class=\"elementor-widget-container\">\n\t\t\t\t\t\t\t\t\t<p><strong>PROUCTORAS NACIONALES \/\/ NATIONAL PRODUCTION COMPANIES:<\/strong> Vidania, White Leaf, Verbena Films, Z\u00e9rkalo Films, We are CP, Mirinda, Antiest\u00e1tico, Tesauro, Garlic, Agosto, TF7, Mamma Team, The Gang, Seven Senses, BTZ, Story, 925, Blur, Mind the gap, Primo, Tickle, The Production Club, Instinto, Arde Visual, Pueblo Films, Smile, Canada, Lee, Roma.<\/p>\t\t\t\t\t\t\t\t<\/div>\n\t\t\t\t<\/div>\n\t\t\t\t<div class=\"elementor-element elementor-element-a761550 elementor-widget elementor-widget-text-editor\" data-id=\"a761550\" data-element_type=\"widget\" data-e-type=\"widget\" data-widget_type=\"text-editor.default\">\n\t\t\t\t<div class=\"elementor-widget-container\">\n\t\t\t\t\t\t\t\t\t<p><strong>PRODUCTORAS INTERNACIONALES \/\/ INTERNATIONAL PRODUCTION COMPANIES:<\/strong> Motor Production, The Family, Outsider, Reboluci\u00f3n, Landia, Imperial Woodpecker, Wilfrid Park, Fresh Film, The Lift, Carbo Films, Bare Films, Bacon.<\/p>\t\t\t\t\t\t\t\t<\/div>\n\t\t\t\t<\/div>\n\t\t\t\t<div class=\"elementor-element elementor-element-7153d1a elementor-widget elementor-widget-text-editor\" data-id=\"7153d1a\" data-element_type=\"widget\" data-e-type=\"widget\" data-widget_type=\"text-editor.default\">\n\t\t\t\t<div class=\"elementor-widget-container\">\n\t\t\t\t\t\t\t\t\t<p><strong>DIRECTORAS-ES \/\/ DIRECTORS:<\/strong> Ana Puentes, Alberto Gastesi, Birgitte St\u00e6rmose, Amber Grace Johnson, Augusto Zapiola, Andr\u00e9s Salmoyraghi, Mart\u00edn Holzman, Rafael L\u00f3pez Saubidet, Luciano Ruiz, Camila Zapiola, Dan Castella, Juan Piczman, Sergio Mart\u00ednez, Oriol Villar, Miguel Campa\u00f1a, Nacho Martin, Maxi Sterle, Gabe Iba\u00f1ez,\u00a0 Erik Morales, Gonzalo L\u00f3pez-Gallego, Hugo Mendui\u00f1a, Bel\u00e9n Gay\u00e1n, Rodrigo Cort\u00e9s, Ida Cu\u00e9llar, Martin Jalfen, Pablo Arreba, Mart\u00edn Nieto, Igor Fioravanti, Pol Rodr\u00edguez, I\u00f1aki Gil, Achero Ma\u00f1as, Claudia Costafreda, Mart\u00edn Romanella, Dani Azancot, Mark Zibert, Chris Balmond, Tim Gibbs, Adam Cameron, \u00a0Cristina Molino, Mike Usandivaras, Mathias&amp;Mathias, Martin de Thurah, Emmanuel Lubezki, Armando Bo.<\/p>\t\t\t\t\t\t\t\t<\/div>\n\t\t\t\t<\/div>\n\t\t\t\t\t<\/div>\n\t\t<\/div>\n\t\t\t\t\t<\/div>\n\t\t<\/section>\n\t\t\t\t\t<\/div>\n\t\t<\/div>\n\t\t\t\t\t<\/div>\n\t\t<\/section>\n\t\t\t\t\t<\/div>\n\t\t<\/div>\n\t\t\t\t\t<\/div>\n\t\t<\/section>\n\t\t\t\t<section class=\"elementor-section elementor-top-section elementor-element elementor-element-3c1f049 elementor-section-boxed elementor-section-height-default elementor-section-height-default\" data-id=\"3c1f049\" data-element_type=\"section\" data-e-type=\"section\">\n\t\t\t\t\t\t<div class=\"elementor-container elementor-column-gap-default\">\n\t\t\t\t\t<div class=\"elementor-column elementor-col-100 elementor-top-column elementor-element elementor-element-91a14f2\" data-id=\"91a14f2\" data-element_type=\"column\" data-e-type=\"column\">\n\t\t\t<div class=\"elementor-widget-wrap elementor-element-populated\">\n\t\t\t\t\t\t<div class=\"elementor-element elementor-element-6ae25b8 elementor-widget elementor-widget-image\" data-id=\"6ae25b8\" data-element_type=\"widget\" data-e-type=\"widget\" data-widget_type=\"image.default\">\n\t\t\t\t<div class=\"elementor-widget-container\">\n\t\t\t\t\t\t\t\t\t\t\t\t\t\t\t<img decoding=\"async\" width=\"150\" height=\"150\" src=\"https:\/\/budaroses.com\/wp-content\/uploads\/2023\/01\/icono_color-150x150.png\" class=\"attachment-thumbnail size-thumbnail wp-image-1862\" alt=\"\" srcset=\"https:\/\/budaroses.com\/wp-content\/uploads\/2023\/01\/icono_color-150x150.png 150w, https:\/\/budaroses.com\/wp-content\/uploads\/2023\/01\/icono_color-300x300.png 300w, https:\/\/budaroses.com\/wp-content\/uploads\/2023\/01\/icono_color-768x768.png 768w, https:\/\/budaroses.com\/wp-content\/uploads\/2023\/01\/icono_color.png 990w\" sizes=\"(max-width: 150px) 100vw, 150px\" \/>\t\t\t\t\t\t\t\t\t\t\t\t\t\t\t<\/div>\n\t\t\t\t<\/div>\n\t\t\t\t\t<\/div>\n\t\t<\/div>\n\t\t\t\t\t<\/div>\n\t\t<\/section>\n\t\t\t\t<section class=\"elementor-section elementor-top-section elementor-element elementor-element-3c26ab0 elementor-section-boxed elementor-section-height-default elementor-section-height-default\" data-id=\"3c26ab0\" data-element_type=\"section\" data-e-type=\"section\">\n\t\t\t\t\t\t<div class=\"elementor-container elementor-column-gap-default\">\n\t\t\t\t\t<div class=\"elementor-column elementor-col-100 elementor-top-column elementor-element elementor-element-6dd4601\" data-id=\"6dd4601\" data-element_type=\"column\" data-e-type=\"column\">\n\t\t\t<div class=\"elementor-widget-wrap elementor-element-populated\">\n\t\t\t\t\t\t<div class=\"elementor-element elementor-element-2d4def2 elementor-widget elementor-widget-spacer\" data-id=\"2d4def2\" data-element_type=\"widget\" data-e-type=\"widget\" data-widget_type=\"spacer.default\">\n\t\t\t\t<div class=\"elementor-widget-container\">\n\t\t\t\t\t\t\t<div class=\"elementor-spacer\">\n\t\t\t<div class=\"elementor-spacer-inner\"><\/div>\n\t\t<\/div>\n\t\t\t\t\t\t<\/div>\n\t\t\t\t<\/div>\n\t\t\t\t\t<\/div>\n\t\t<\/div>\n\t\t\t\t\t<\/div>\n\t\t<\/section>\n\t\t\t\t<\/div>\n\t\t","protected":false},"excerpt":{"rendered":"<p>NOSOTRAS Podr\u00edamos hacer muchas cosas en la vida. Podr\u00edamos ser catadoras de muffins, cantantes de rancheras o contadoras de cartas; pero ambas sabemos que lo que realmente nos hace latir fuerte el coraz\u00f3n es el casting. Dicen las mentes sabias de la industria que lo m\u00e1s importante es el guion y el casting. Estamos de [&hellip;]<\/p>\n","protected":false},"author":1,"featured_media":0,"parent":0,"menu_order":0,"comment_status":"closed","ping_status":"closed","template":"","meta":{"_acf_changed":false,"footnotes":""},"class_list":["post-2054","page","type-page","status-publish","hentry"],"acf":[],"_links":{"self":[{"href":"https:\/\/budaroses.com\/en\/wp-json\/wp\/v2\/pages\/2054","targetHints":{"allow":["GET"]}}],"collection":[{"href":"https:\/\/budaroses.com\/en\/wp-json\/wp\/v2\/pages"}],"about":[{"href":"https:\/\/budaroses.com\/en\/wp-json\/wp\/v2\/types\/page"}],"author":[{"embeddable":true,"href":"https:\/\/budaroses.com\/en\/wp-json\/wp\/v2\/users\/1"}],"replies":[{"embeddable":true,"href":"https:\/\/budaroses.com\/en\/wp-json\/wp\/v2\/comments?post=2054"}],"version-history":[{"count":1,"href":"https:\/\/budaroses.com\/en\/wp-json\/wp\/v2\/pages\/2054\/revisions"}],"predecessor-version":[{"id":2099,"href":"https:\/\/budaroses.com\/en\/wp-json\/wp\/v2\/pages\/2054\/revisions\/2099"}],"wp:attachment":[{"href":"https:\/\/budaroses.com\/en\/wp-json\/wp\/v2\/media?parent=2054"}],"curies":[{"name":"wp","href":"https:\/\/api.w.org\/{rel}","templated":true}]}}